{"id":101,"date":"2019-02-26T02:13:40","date_gmt":"2019-02-26T02:13:40","guid":{"rendered":""},"modified":"2023-04-30T01:51:39","modified_gmt":"2023-04-30T01:51:39","slug":"software-techology","status":"publish","type":"page","link":"https:\/\/capella.cl\/demo1\/","title":{"rendered":"Desarrollo y Gesti\u00f3n"},"content":{"rendered":"<section class=\"wpb-content-wrapper\">\t\t<div data-elementor-type=\"wp-page\" data-elementor-id=\"101\" class=\"elementor elementor-101\">\n\t\t\t\t\t\t\t\t\t<section class=\"elementor-section elementor-top-section elementor-element elementor-element-2a781b84 elementor-section-boxed elementor-section-height-default elementor-section-height-default\" data-id=\"2a781b84\" data-element_type=\"section\">\n\t\t\t\t\t\t<div class=\"elementor-container elementor-column-gap-default\">\n\t\t\t\t\t<div class=\"elementor-column elementor-col-100 elementor-top-column elementor-element elementor-element-a9f8c96\" data-id=\"a9f8c96\" data-element_type=\"column\">\n\t\t\t<div class=\"elementor-widget-wrap elementor-element-populated\">\n\t\t\t\t\t\t\t\t<div class=\"elementor-element elementor-element-551df1d8 elementor-widget elementor-widget-text-editor\" data-id=\"551df1d8\" data-element_type=\"widget\" data-widget_type=\"text-editor.default\">\n\t\t\t\t<div class=\"elementor-widget-container\">\n\t\t\t<style>\/*! elementor - v3.12.2 - 23-04-2023 *\/\n.elementor-widget-text-editor.elementor-drop-cap-view-stacked .elementor-drop-cap{background-color:#69727d;color:#fff}.elementor-widget-text-editor.elementor-drop-cap-view-framed .elementor-drop-cap{color:#69727d;border:3px solid;background-color:transparent}.elementor-widget-text-editor:not(.elementor-drop-cap-view-default) .elementor-drop-cap{margin-top:8px}.elementor-widget-text-editor:not(.elementor-drop-cap-view-default) .elementor-drop-cap-letter{width:1em;height:1em}.elementor-widget-text-editor .elementor-drop-cap{float:left;text-align:center;line-height:1;font-size:50px}.elementor-widget-text-editor .elementor-drop-cap-letter{display:inline-block}<\/style>\t\t\t\t<div id=\"tm-row-69da7d299d596\" class=\"vc_row vc_row-outer vc_row-fluid\"><div id=\"tm-column-69da7d299db60\" class=\"wpb_column vc_column_container vc_col-sm-12\"><div class=\"vc_column-inner \"><div class=\"wpb_wrapper\">\n\t\t\t<!-- START Machine Learning REVOLUTION SLIDER 6.6.11 --><p class=\"rs-p-wp-fix\"><\/p>\n\t\t\t<rs-module-wrap id=\"rev_slider_12_1_wrapper\" data-source=\"gallery\" style=\"visibility:hidden;background:transparent;padding:0;margin:0px auto;margin-top:0;margin-bottom:0;\">\n\t\t\t\t<rs-module id=\"rev_slider_12_1\" style=\"\" data-version=\"6.6.11\">\n\t\t\t\t\t<rs-slides style=\"overflow: hidden; position: absolute;\">\n\t\t\t\t\t\t<rs-slide style=\"position: absolute;\" data-key=\"rs-12\" data-title=\"Slide\" data-thumb=\"\/\/capella.cl\/demo1\/wp-content\/uploads\/2023\/04\/slide-1-1-100x50.png\" data-anim=\"ms:600;\" data-in=\"o:0;\" data-out=\"a:false;\">\n\t\t\t\t\t\t\t<img decoding=\"async\" src=\"\/\/capella.cl\/demo1\/wp-content\/plugins\/revslider\/public\/assets\/assets\/dummy.png\" alt=\"\" title=\"slide-1-1\" width=\"1430\" height=\"470\" class=\"rev-slidebg tp-rs-img rs-lazyload\" data-lazyload=\"\/\/capella.cl\/demo1\/wp-content\/uploads\/2023\/04\/slide-1-1.png\" data-no-retina>\n<!---->\t\t\t\t\t\t<\/rs-slide>\n\t\t\t\t\t\t<rs-slide style=\"position: absolute;\" data-key=\"rs-13\" data-title=\"Slide\" data-thumb=\"\/\/capella.cl\/demo1\/wp-content\/uploads\/2023\/04\/slides-2-2-100x50.png\" data-anim=\"ms:600;\" data-in=\"o:0;\" data-out=\"a:false;\">\n\t\t\t\t\t\t\t<img decoding=\"async\" src=\"\/\/capella.cl\/demo1\/wp-content\/plugins\/revslider\/public\/assets\/assets\/dummy.png\" alt=\"\" title=\"slides-2-2\" width=\"1430\" height=\"470\" class=\"rev-slidebg tp-rs-img rs-lazyload\" data-lazyload=\"\/\/capella.cl\/demo1\/wp-content\/uploads\/2023\/04\/slides-2-2.png\" data-no-retina>\n<!---->\t\t\t\t\t\t<\/rs-slide>\n\t\t\t\t\t\t<rs-slide style=\"position: absolute;\" data-key=\"rs-15\" data-title=\"Slide\" data-thumb=\"\/\/capella.cl\/demo1\/wp-content\/uploads\/2023\/04\/slide-1-1-100x50.png\" data-anim=\"ms:600;\" data-in=\"o:0;\" data-out=\"a:false;\">\n\t\t\t\t\t\t\t<img decoding=\"async\" src=\"\/\/capella.cl\/demo1\/wp-content\/plugins\/revslider\/public\/assets\/assets\/dummy.png\" alt=\"\" title=\"slide-1-1\" width=\"1430\" height=\"470\" class=\"rev-slidebg tp-rs-img rs-lazyload\" data-lazyload=\"\/\/capella.cl\/demo1\/wp-content\/uploads\/2023\/04\/slide-1-1.png\" data-no-retina>\n<!---->\t\t\t\t\t\t<\/rs-slide>\n\t\t\t\t\t<\/rs-slides>\n\t\t\t\t\t<rs-static-layers><!--\n\t\t\t\t\t--><\/rs-static-layers>\n\t\t\t\t<\/rs-module>\n\t\t\t\t<script>\n\t\t\t\t\tsetREVStartSize({c: 'rev_slider_12_1',rl:[1240,1024,778,480],el:[470,650,700,700],gw:[1430,1024,778,480],gh:[470,650,700,700],type:'standard',justify:'',layout:'fullwidth',mh:\"650px\"});if (window.RS_MODULES!==undefined && window.RS_MODULES.modules!==undefined && window.RS_MODULES.modules[\"revslider121\"]!==undefined) {window.RS_MODULES.modules[\"revslider121\"].once = false;window.revapi12 = undefined;if (window.RS_MODULES.checkMinimal!==undefined) window.RS_MODULES.checkMinimal()}\n\t\t\t\t<\/script>\n\t\t\t<\/rs-module-wrap>\n\t\t\t<!-- END REVOLUTION SLIDER -->\n<\/div><\/div><\/div><\/div><div id=\"tm-row-69da7d29a0f31\" data-vc-full-width=\"true\" data-vc-full-width-init=\"false\" class=\"vc_row vc_row-outer vc_row-fluid\"><div id=\"tm-column-69da7d29a10cd\" class=\"wpb_column vc_column_container vc_col-sm-12\"><div class=\"vc_column-inner \"><div class=\"wpb_wrapper\"><div class=\"tm-spacer\" id=\"tm-spacer-69da7d29a11ec\"><\/div>\n\n<div class=\"tm-heading modern center tm-animation move-up\" id=\"tm-heading-69da7d29a1328\">\n\t<h6 class=\"heading\" style=\"\">Inmobiliaria<\/h6><\/div>\n\n<div class=\"tm-spacer\" id=\"tm-spacer-69da7d29a14d9\"><\/div>\n\n<div class=\"tm-heading  center tm-animation move-up\" id=\"tm-heading-69da7d29a154f\">\n\t<h3 class=\"heading\" style=\"\">Proyecta Gesti\u00f3n y Desarrollo<\/h3><\/div>\n\n<div class=\"tm-spacer\" id=\"tm-spacer-69da7d29a1699\"><\/div>\n\n<div class=\"tm-heading link-style-01 center tm-animation move-up\" id=\"tm-heading-69da7d29a16ff\">\n\t<div class=\"heading\" style=\"\">Es una empresa con tradici\u00f3n inmobiliaria, que ha desarrollado grandes proyectos en el \u00e1rea de oficinas y vivienda, orientada a cumplir con las necesidades de sus clientes, buscando proyectos de primer nivel a trav\u00e9s de la innovaci\u00f3n y vanguardia. El objetivo de Proyecta es desarrollar proyectos con altos est\u00e1ndares de calidad, enfoc\u00e1ndose siempre en satisfacer las necesidades de los actores involucrados.<\/p>\n<p>Proyecta cuenta con un equipo multidisciplinario que se encarga de sacar adelante proyectos de diversos mercados, tales como edificios de oficinas, edificios de vivienda, hospitales, casinos, entre otros.<\/div><\/div>\n\n<div class=\"tm-spacer\" id=\"tm-spacer-69da7d29a185d\"><\/div>\n<\/div><\/div><\/div><\/div><div class=\"vc_row-full-width vc_clearfix\"><\/div>\t\t\t\t\t\t<\/div>\n\t\t\t\t<\/div>\n\t\t\t\t<div class=\"elementor-element elementor-element-d6f9bd7 elementor-widget elementor-widget-spacer\" data-id=\"d6f9bd7\" data-element_type=\"widget\" data-widget_type=\"spacer.default\">\n\t\t\t\t<div class=\"elementor-widget-container\">\n\t\t\t<style>\/*! elementor - v3.12.2 - 23-04-2023 *\/\n.elementor-column .elementor-spacer-inner{height:var(--spacer-size)}.e-con{--container-widget-width:100%}.e-con-inner>.elementor-widget-spacer,.e-con>.elementor-widget-spacer{width:var(--container-widget-width,var(--spacer-size));--align-self:var(--container-widget-align-self,initial);--flex-shrink:0}.e-con-inner>.elementor-widget-spacer>.elementor-widget-container,.e-con-inner>.elementor-widget-spacer>.elementor-widget-container>.elementor-spacer,.e-con>.elementor-widget-spacer>.elementor-widget-container,.e-con>.elementor-widget-spacer>.elementor-widget-container>.elementor-spacer{height:100%}.e-con-inner>.elementor-widget-spacer>.elementor-widget-container>.elementor-spacer>.elementor-spacer-inner,.e-con>.elementor-widget-spacer>.elementor-widget-container>.elementor-spacer>.elementor-spacer-inner{height:var(--container-widget-height,var(--spacer-size))}<\/style>\t\t<div class=\"elementor-spacer\">\n\t\t\t<div class=\"elementor-spacer-inner\"><\/div>\n\t\t<\/div>\n\t\t\t\t<\/div>\n\t\t\t\t<\/div>\n\t\t\t\t<div class=\"elementor-element elementor-element-47a59a0 elementor-widget elementor-widget-bdt-advanced-heading\" data-id=\"47a59a0\" data-element_type=\"widget\" data-widget_type=\"bdt-advanced-heading.default\">\n\t\t\t\t<div class=\"elementor-widget-container\">\n\t\t\t<div id =\"47a59a0\" class=\"bdt-ep-advanced-heading\" data-settings=\"{&quot;titleMultiColor&quot;:&quot;no&quot;}\"><div class=\"bdt-ep-advanced-heading-content bdt-visible@m\"><div class=\"bdt-transform-origin-top-left\">Desarrollo y Gesti\u00f3n<\/div><\/div><div class=\"bdt-ep-advanced-heading-sub-title\"><div class=\"bdt-ep-advanced-heading-sub-title-content\">Proyecta <\/div><\/div> <h2 class=\"bdt-ep-advanced-heading-title\"><span class=\"bdt-ep-advanced-heading-main-title\"><span class=\"bdt-ep-advanced-heading-main-title-inner\">Directorio<\/span><\/span><\/h2><\/div>\t\t<\/div>\n\t\t\t\t<\/div>\n\t\t\t\t\t<\/div>\n\t\t<\/div>\n\t\t\t\t\t\t\t<\/div>\n\t\t<\/section>\n\t\t\t\t<section class=\"elementor-section elementor-top-section elementor-element elementor-element-118e701 elementor-section-boxed elementor-section-height-default elementor-section-height-default\" data-id=\"118e701\" data-element_type=\"section\">\n\t\t\t\t\t\t<div class=\"elementor-container elementor-column-gap-default\">\n\t\t\t\t\t<div class=\"elementor-column elementor-col-100 elementor-top-column elementor-element elementor-element-d722239\" data-id=\"d722239\" data-element_type=\"column\">\n\t\t\t<div class=\"elementor-widget-wrap elementor-element-populated\">\n\t\t\t\t\t\t\t\t<div class=\"elementor-element elementor-element-acdcd69 elementor-widget elementor-widget-spacer\" data-id=\"acdcd69\" data-element_type=\"widget\" data-widget_type=\"spacer.default\">\n\t\t\t\t<div class=\"elementor-widget-container\">\n\t\t\t\t\t<div class=\"elementor-spacer\">\n\t\t\t<div class=\"elementor-spacer-inner\"><\/div>\n\t\t<\/div>\n\t\t\t\t<\/div>\n\t\t\t\t<\/div>\n\t\t\t\t\t<\/div>\n\t\t<\/div>\n\t\t\t\t\t\t\t<\/div>\n\t\t<\/section>\n\t\t\t\t<section class=\"elementor-section elementor-top-section elementor-element elementor-element-d58188c elementor-section-boxed elementor-section-height-default elementor-section-height-default\" data-id=\"d58188c\" data-element_type=\"section\">\n\t\t\t\t\t\t<div class=\"elementor-container elementor-column-gap-default\">\n\t\t\t\t\t<div class=\"elementor-column elementor-col-50 elementor-top-column elementor-element elementor-element-214ce19\" data-id=\"214ce19\" data-element_type=\"column\">\n\t\t\t<div class=\"elementor-widget-wrap elementor-element-populated\">\n\t\t\t\t\t\t\t\t<div class=\"elementor-element elementor-element-9615196 elementor-widget__width-initial elementor-widget elementor-widget-image\" data-id=\"9615196\" data-element_type=\"widget\" data-widget_type=\"image.default\">\n\t\t\t\t<div class=\"elementor-widget-container\">\n\t\t\t<style>\/*! elementor - v3.12.2 - 23-04-2023 *\/\n.elementor-widget-image{text-align:center}.elementor-widget-image a{display:inline-block}.elementor-widget-image a img[src$=\".svg\"]{width:48px}.elementor-widget-image img{vertical-align:middle;display:inline-block}<\/style>\t\t\t\t\t\t\t\t\t\t\t\t<img loading=\"lazy\" decoding=\"async\" width=\"86\" height=\"114\" src=\"https:\/\/capella.cl\/demo1\/wp-content\/uploads\/2023\/04\/marcelocox.png\" class=\"attachment-medium size-medium wp-image-2918\" alt=\"\" srcset=\"https:\/\/capella.cl\/demo1\/wp-content\/uploads\/2023\/04\/marcelocox.png 86w, https:\/\/capella.cl\/demo1\/wp-content\/uploads\/2023\/04\/marcelocox-9x12.png 9w\" sizes=\"auto, (max-width: 86px) 100vw, 86px\" \/>\t\t\t\t\t\t\t\t\t\t\t\t\t\t\t<\/div>\n\t\t\t\t<\/div>\n\t\t\t\t\t<\/div>\n\t\t<\/div>\n\t\t\t\t<div class=\"elementor-column elementor-col-50 elementor-top-column elementor-element elementor-element-4d90291\" data-id=\"4d90291\" data-element_type=\"column\">\n\t\t\t<div class=\"elementor-widget-wrap elementor-element-populated\">\n\t\t\t\t\t\t\t\t<div class=\"elementor-element elementor-element-c9ae122 elementor-widget elementor-widget-text-editor\" data-id=\"c9ae122\" data-element_type=\"widget\" data-widget_type=\"text-editor.default\">\n\t\t\t\t<div class=\"elementor-widget-container\">\n\t\t\t\t\t\t\t<span style=\"color: azul; font-size: x-large;\">Marcelo Cox Vial<\/span><br>\n<span style=\"color: black; font-size: large;\">Gerente General<\/span>\t\t\t\t\t\t<\/div>\n\t\t\t\t<\/div>\n\t\t\t\t<div class=\"elementor-element elementor-element-94cc9da elementor-widget__width-initial elementor-widget elementor-widget-text-editor\" data-id=\"94cc9da\" data-element_type=\"widget\" data-widget_type=\"text-editor.default\">\n\t\t\t\t<div class=\"elementor-widget-container\">\n\t\t\t\t\t\t\tLuego de una gran trayectoria como Director de importantes grupos y empresas a nivel nacional, Marcelo pasa a posicionarse en el mercado del desarrollo inmobiliario como Gerente General, y socio director de Proyecta. Dentro de los proyectos m\u00e1s importantes que destacan, encontramos la gran mayor\u00eda de edificios del sector Nueva Las Condes, desarrollados bajo los m\u00e1s alto est\u00e1ndares de calidad y certificaciones a nivel nacional. Hoy en d\u00eda, Proyecta se encuentra explorando nuevas posibilidades en la regi\u00f3n de Latinoam\u00e9rica\t\t\t\t\t\t<\/div>\n\t\t\t\t<\/div>\n\t\t\t\t\t<\/div>\n\t\t<\/div>\n\t\t\t\t\t\t\t<\/div>\n\t\t<\/section>\n\t\t\t\t<section class=\"elementor-section elementor-top-section elementor-element elementor-element-08c732e elementor-section-boxed elementor-section-height-default elementor-section-height-default\" data-id=\"08c732e\" data-element_type=\"section\">\n\t\t\t\t\t\t<div class=\"elementor-container elementor-column-gap-default\">\n\t\t\t\t\t<div class=\"elementor-column elementor-col-100 elementor-top-column elementor-element elementor-element-d4c1d76\" data-id=\"d4c1d76\" data-element_type=\"column\">\n\t\t\t<div class=\"elementor-widget-wrap elementor-element-populated\">\n\t\t\t\t\t\t\t\t<div class=\"elementor-element elementor-element-408b7cc elementor-widget__width-initial elementor-widget elementor-widget-ucaddon_social_icons_glare_effect\" data-id=\"408b7cc\" data-element_type=\"widget\" data-widget_type=\"ucaddon_social_icons_glare_effect.default\">\n\t\t\t\t<div class=\"elementor-widget-container\">\n\t\t\t<!-- start Social Icons Glare Effect -->\n\t\t<link id='font-awesome-css' href='https:\/\/capella.cl\/demo1\/wp-content\/plugins\/unlimited-elements-for-elementor-premium\/assets_libraries\/font-awesome5\/css\/fontawesome-all.min.css' type='text\/css' rel='stylesheet' >\n\t\t<link id='font-awesome-4-shim-css' href='https:\/\/capella.cl\/demo1\/wp-content\/plugins\/unlimited-elements-for-elementor-premium\/assets_libraries\/font-awesome5\/css\/fontawesome-v4-shims.css' type='text\/css' rel='stylesheet' >\n\n\t\t\t<style type=\"text\/css\">\/* widget: Social Icons Glare Effect *\/\n\n#uc_social_icons_glare_effect_elementor_408b7cc *{\n\n\tbox-sizing: border-box;\n}\n\n#uc_social_icons_glare_effect_elementor_408b7cc{\n\tposition:relative;\n\twidth:100%;\n}\n\n#uc_social_icons_glare_effect_elementor_408b7cc .uc_social-button {\n    box-shadow: 0 0 30px 0 rgba(0, 0, 0, 0.05);\n    display: inline-block;\n    opacity: 1;\n    overflow: hidden;\n    position: relative;\n    text-align: center;\n    transition: all 0.35s cubic-bezier(0.31, -0.105, 0.43, 1.59) 0s;\n    \n}\n#uc_social_icons_glare_effect_elementor_408b7cc .uc_social-button::before {\n    content: \"\";\n    height: 100%;\n    left: 0%;\n    position: absolute;\n    top: 100%;\n    transition: all 0.35s;\n    width: 100%;\n}\n#uc_social_icons_glare_effect_elementor_408b7cc .uc_social-button i {\n    transform: scale(0.8);\n    transition: all 0.35s cubic-bezier(0.31, -0.105, 0.43, 1.59) 0s;\n    vertical-align: middle;\n}\n\n#uc_social_icons_glare_effect_elementor_408b7cc .uc_social-button:focus::before, \n#uc_social_icons_glare_effect_elementor_408b7cc .uc_social-button:hover::before {\n    left: 0%;\n    top: 0%;\n}\n\n#uc_social_icons_glare_effect_elementor_408b7cc .uc_social-button i {\n\tcolor:#000000;\n}\n\n#uc_social_icons_glare_effect_elementor_408b7cc .uc_social-button:hover i {\n\tcolor:#ffffff;\n}\n\n<\/style>\n\n\t\t\t<div class=\"uc_stylish_social_buttons\" id=\"uc_social_icons_glare_effect_elementor_408b7cc\"> \n    <!--uc_container_holder--> \n    <div class=\"uc_social-buttons\">\n    \t<a href=\"#\" class=\"uc_social-button\"  ><i class=\"fab fa-twitter\"><\/i><\/a>\n<a href=\"#\" class=\"uc_social-button\"  ><i class=\"fab fa-facebook\"><\/i><\/a>\n<a href=\"#\" class=\"uc_social-button\"  ><i class=\"fab fa-google-plus\"><\/i><\/a>\n\n    <\/div>\n<\/div>\n\t\t\t<!-- end Social Icons Glare Effect -->\t\t<\/div>\n\t\t\t\t<\/div>\n\t\t\t\t\t<\/div>\n\t\t<\/div>\n\t\t\t\t\t\t\t<\/div>\n\t\t<\/section>\n\t\t\t\t<section class=\"elementor-section elementor-top-section elementor-element elementor-element-f65d95a elementor-section-boxed elementor-section-height-default elementor-section-height-default\" data-id=\"f65d95a\" data-element_type=\"section\">\n\t\t\t\t\t\t<div class=\"elementor-container elementor-column-gap-default\">\n\t\t\t\t\t<div class=\"elementor-column elementor-col-50 elementor-top-column elementor-element elementor-element-b0eb2e1\" data-id=\"b0eb2e1\" data-element_type=\"column\">\n\t\t\t<div class=\"elementor-widget-wrap elementor-element-populated\">\n\t\t\t\t\t\t\t\t<div class=\"elementor-element elementor-element-e8bf03d elementor-widget elementor-widget-image\" data-id=\"e8bf03d\" data-element_type=\"widget\" data-widget_type=\"image.default\">\n\t\t\t\t<div class=\"elementor-widget-container\">\n\t\t\t\t\t\t\t\t\t\t\t\t\t\t\t<img loading=\"lazy\" decoding=\"async\" width=\"86\" height=\"114\" src=\"https:\/\/capella.cl\/demo1\/wp-content\/uploads\/2023\/04\/felipegilabert.png\" class=\"attachment-medium size-medium wp-image-2917\" alt=\"\" srcset=\"https:\/\/capella.cl\/demo1\/wp-content\/uploads\/2023\/04\/felipegilabert.png 86w, https:\/\/capella.cl\/demo1\/wp-content\/uploads\/2023\/04\/felipegilabert-9x12.png 9w\" sizes=\"auto, (max-width: 86px) 100vw, 86px\" \/>\t\t\t\t\t\t\t\t\t\t\t\t\t\t\t<\/div>\n\t\t\t\t<\/div>\n\t\t\t\t\t<\/div>\n\t\t<\/div>\n\t\t\t\t<div class=\"elementor-column elementor-col-50 elementor-top-column elementor-element elementor-element-342b144\" data-id=\"342b144\" data-element_type=\"column\">\n\t\t\t<div class=\"elementor-widget-wrap elementor-element-populated\">\n\t\t\t\t\t\t\t\t<div class=\"elementor-element elementor-element-545a649 elementor-widget elementor-widget-text-editor\" data-id=\"545a649\" data-element_type=\"widget\" data-widget_type=\"text-editor.default\">\n\t\t\t\t<div class=\"elementor-widget-container\">\n\t\t\t\t\t\t\t<span style=\"color: 0047b9; font-size: x-large;\">Luis Felipe Gilabert P. <br><span style=\"color: black; font-size: large;\">Gerente General<\/span><\/span>\t\t\t\t\t\t<\/div>\n\t\t\t\t<\/div>\n\t\t\t\t<div class=\"elementor-element elementor-element-9c15bd4 elementor-widget__width-initial elementor-widget elementor-widget-text-editor\" data-id=\"9c15bd4\" data-element_type=\"widget\" data-widget_type=\"text-editor.default\">\n\t\t\t\t<div class=\"elementor-widget-container\">\n\t\t\t\t\t\t\t<p>Con ciento de miles de metros cuadrados construidos, Felipe se ha desempe\u00f1ado como Gerente Comercial en importantes inmobiliarias del pa\u00eds, siendo actor clave en el desarrollo de proyectos urbanos a gran escala, como lo es Nueva Las Condes. Desde el a\u00f1o 2000 hasta hoy, Felipe se ha consolidado como Gerente Comercial, y socio director de Proyecta, empresa que ha desarrollado proyectos emblem\u00e1ticos como el Casino Monticello, la Cl\u00ednica Universidad de los Andes, la Torre Nueva Santa Mar\u00eda, entre muchos otros.<\/p>\t\t\t\t\t\t<\/div>\n\t\t\t\t<\/div>\n\t\t\t\t\t<\/div>\n\t\t<\/div>\n\t\t\t\t\t\t\t<\/div>\n\t\t<\/section>\n\t\t\t\t<section class=\"elementor-section elementor-top-section elementor-element elementor-element-f3b6496 elementor-section-boxed elementor-section-height-default elementor-section-height-default\" data-id=\"f3b6496\" data-element_type=\"section\">\n\t\t\t\t\t\t<div class=\"elementor-container elementor-column-gap-default\">\n\t\t\t\t\t<div class=\"elementor-column elementor-col-100 elementor-top-column elementor-element elementor-element-8c9f896\" data-id=\"8c9f896\" data-element_type=\"column\">\n\t\t\t<div class=\"elementor-widget-wrap elementor-element-populated\">\n\t\t\t\t\t\t\t\t<div class=\"elementor-element elementor-element-f1ee993 elementor-widget__width-initial elementor-widget elementor-widget-ucaddon_social_icons_glare_effect\" data-id=\"f1ee993\" data-element_type=\"widget\" data-widget_type=\"ucaddon_social_icons_glare_effect.default\">\n\t\t\t\t<div class=\"elementor-widget-container\">\n\t\t\t<!-- start Social Icons Glare Effect -->\n\n\t\t\t<style type=\"text\/css\">\/* widget: Social Icons Glare Effect *\/\n\n#uc_social_icons_glare_effect_elementor_f1ee993 *{\n\n\tbox-sizing: border-box;\n}\n\n#uc_social_icons_glare_effect_elementor_f1ee993{\n\tposition:relative;\n\twidth:100%;\n}\n\n#uc_social_icons_glare_effect_elementor_f1ee993 .uc_social-button {\n    box-shadow: 0 0 30px 0 rgba(0, 0, 0, 0.05);\n    display: inline-block;\n    opacity: 1;\n    overflow: hidden;\n    position: relative;\n    text-align: center;\n    transition: all 0.35s cubic-bezier(0.31, -0.105, 0.43, 1.59) 0s;\n    \n}\n#uc_social_icons_glare_effect_elementor_f1ee993 .uc_social-button::before {\n    content: \"\";\n    height: 100%;\n    left: 0%;\n    position: absolute;\n    top: 100%;\n    transition: all 0.35s;\n    width: 100%;\n}\n#uc_social_icons_glare_effect_elementor_f1ee993 .uc_social-button i {\n    transform: scale(0.8);\n    transition: all 0.35s cubic-bezier(0.31, -0.105, 0.43, 1.59) 0s;\n    vertical-align: middle;\n}\n\n#uc_social_icons_glare_effect_elementor_f1ee993 .uc_social-button:focus::before, \n#uc_social_icons_glare_effect_elementor_f1ee993 .uc_social-button:hover::before {\n    left: 0%;\n    top: 0%;\n}\n\n#uc_social_icons_glare_effect_elementor_f1ee993 .uc_social-button i {\n\tcolor:#000000;\n}\n\n#uc_social_icons_glare_effect_elementor_f1ee993 .uc_social-button:hover i {\n\tcolor:#ffffff;\n}\n\n<\/style>\n\n\t\t\t<div class=\"uc_stylish_social_buttons\" id=\"uc_social_icons_glare_effect_elementor_f1ee993\"> \n    <!--uc_container_holder--> \n    <div class=\"uc_social-buttons\">\n    \t<a href=\"#\" class=\"uc_social-button\"  ><i class=\"fab fa-twitter\"><\/i><\/a>\n<a href=\"#\" class=\"uc_social-button\"  ><i class=\"fab fa-facebook\"><\/i><\/a>\n<a href=\"#\" class=\"uc_social-button\"  ><i class=\"fab fa-google-plus\"><\/i><\/a>\n\n    <\/div>\n<\/div>\n\t\t\t<!-- end Social Icons Glare Effect -->\t\t<\/div>\n\t\t\t\t<\/div>\n\t\t\t\t<div class=\"elementor-element elementor-element-1a288ff elementor-widget elementor-widget-spacer\" data-id=\"1a288ff\" data-element_type=\"widget\" data-widget_type=\"spacer.default\">\n\t\t\t\t<div class=\"elementor-widget-container\">\n\t\t\t\t\t<div class=\"elementor-spacer\">\n\t\t\t<div class=\"elementor-spacer-inner\"><\/div>\n\t\t<\/div>\n\t\t\t\t<\/div>\n\t\t\t\t<\/div>\n\t\t\t\t\t<\/div>\n\t\t<\/div>\n\t\t\t\t\t\t\t<\/div>\n\t\t<\/section>\n\t\t\t\t<section class=\"elementor-section elementor-top-section elementor-element elementor-element-cd1084b elementor-section-boxed elementor-section-height-default elementor-section-height-default\" data-id=\"cd1084b\" data-element_type=\"section\">\n\t\t\t\t\t\t<div class=\"elementor-container elementor-column-gap-default\">\n\t\t\t\t\t<div class=\"elementor-column elementor-col-100 elementor-top-column elementor-element elementor-element-66e740d\" data-id=\"66e740d\" data-element_type=\"column\">\n\t\t\t<div class=\"elementor-widget-wrap elementor-element-populated\">\n\t\t\t\t\t\t\t\t<div class=\"elementor-element elementor-element-8a26839 elementor-widget elementor-widget-spacer\" data-id=\"8a26839\" data-element_type=\"widget\" data-widget_type=\"spacer.default\">\n\t\t\t\t<div class=\"elementor-widget-container\">\n\t\t\t\t\t<div class=\"elementor-spacer\">\n\t\t\t<div class=\"elementor-spacer-inner\"><\/div>\n\t\t<\/div>\n\t\t\t\t<\/div>\n\t\t\t\t<\/div>\n\t\t\t\t\t<\/div>\n\t\t<\/div>\n\t\t\t\t\t\t\t<\/div>\n\t\t<\/section>\n\t\t\t\t\t\t\t<\/div>\n\t\t<\/section>","protected":false},"excerpt":{"rendered":"<p>Desarrollo y Gesti\u00f3nProyecta Directorio Marcelo Cox Vial Gerente GeneralLuego de una gran trayectoria como Director de importantes grupos y empresas a nivel nacional, Marcelo pasa a posicionarse en el mercado del desarrollo inmobiliario como Gerente General, y socio director de Proyecta. Dentro de los proyectos m\u00e1s importantes que destacan, encontramos la gran mayor\u00eda de edificios del sector Nueva Las Condes, desarrollados bajo los m\u00e1s alto est\u00e1ndares de calidad y certificaciones a nivel nacional. Hoy en d\u00eda, Proyecta se encuentra explorando nuevas posibilidades en la regi\u00f3n de Latinoam\u00e9rica Luis Felipe Gilabert P. Gerente General Con ciento de miles de metros cuadrados construidos, Felipe se ha desempe\u00f1ado como Gerente Comercial en importantes inmobiliarias del pa\u00eds, siendo actor clave en el desarrollo de proyectos urbanos a gran escala, como lo es Nueva Las Condes. Desde el a\u00f1o 2000 hasta hoy, Felipe se ha consolidado como Gerente Comercial, y socio director de Proyecta, empresa que ha desarrollado proyectos emblem\u00e1ticos como el Casino Monticello, la Cl\u00ednica Universidad de los Andes, la Torre Nueva Santa Mar\u00eda, entre muchos otros.<\/p>\n","protected":false},"author":1,"featured_media":0,"parent":0,"menu_order":0,"comment_status":"closed","ping_status":"closed","template":"","meta":{"footnotes":""},"class_list":["post-101","page","type-page","status-publish","hentry","post-no-thumbnail"],"_links":{"self":[{"href":"https:\/\/capella.cl\/demo1\/wp-json\/wp\/v2\/pages\/101","targetHints":{"allow":["GET"]}}],"collection":[{"href":"https:\/\/capella.cl\/demo1\/wp-json\/wp\/v2\/pages"}],"about":[{"href":"https:\/\/capella.cl\/demo1\/wp-json\/wp\/v2\/types\/page"}],"author":[{"embeddable":true,"href":"https:\/\/capella.cl\/demo1\/wp-json\/wp\/v2\/users\/1"}],"replies":[{"embeddable":true,"href":"https:\/\/capella.cl\/demo1\/wp-json\/wp\/v2\/comments?post=101"}],"version-history":[{"count":203,"href":"https:\/\/capella.cl\/demo1\/wp-json\/wp\/v2\/pages\/101\/revisions"}],"predecessor-version":[{"id":3217,"href":"https:\/\/capella.cl\/demo1\/wp-json\/wp\/v2\/pages\/101\/revisions\/3217"}],"wp:attachment":[{"href":"https:\/\/capella.cl\/demo1\/wp-json\/wp\/v2\/media?parent=101"}],"curies":[{"name":"wp","href":"https:\/\/api.w.org\/{rel}","templated":true}]}}